{"id":10975,"date":"2021-01-01T05:09:42","date_gmt":"2021-01-01T05:09:42","guid":{"rendered":"http:\/\/nutrical-demo.creativesplanet.com\/datasite1\/?page_id=10975"},"modified":"2023-04-11T15:12:33","modified_gmt":"2023-04-11T18:12:33","slug":"sobre-o-nutricionista","status":"publish","type":"page","link":"https:\/\/longennutri.com.br\/?page_id=10975","title":{"rendered":"Sobre Johnny Longen"},"content":{"rendered":"<section class=\"wpb-content-wrapper\"><p>[vc_row cspt-bg-color=&#8221;white&#8221; full_width=&#8221;stretch_row&#8221; cspt-responsive-css=&#8221;86102787|colbreak_no|||||||||colbreak_yes|||||||||colbreak_no||||||||||colbreak_no|||||||||&#8221;][vc_column][\/vc_column][\/vc_row][vc_row][vc_column css=&#8221;.vc_custom_1677517937063{padding-top: 40px !important;padding-bottom: 40px !important;}&#8221;][vc_row_inner css=&#8221;.vc_custom_1563799857186{padding-top: 40px !important;}&#8221; el_class=&#8221;cspt-box-2-2-991 cspt-steps-counter&#8221;][vc_column_inner width=&#8221;1\/4&#8243;][\/vc_column_inner][vc_column_inner width=&#8221;1\/4&#8243;][\/vc_column_inner][vc_column_inner width=&#8221;1\/4&#8243;][\/vc_column_inner][vc_column_inner width=&#8221;1\/4&#8243;][\/vc_column_inner][\/vc_row_inner][vc_btn title=&#8221;Vamos come\u00e7ar hoje!&#8221; style=&#8221;classic&#8221; shape=&#8221;round&#8221; color=&#8221;secondarycolor&#8221; align=&#8221;center&#8221; css=&#8221;.vc_custom_1676056932288{margin-top: 60px !important;}&#8221; el_class=&#8221;button-border-hide&#8221; link=&#8221;url:https%3A%2F%2Fapi.whatsapp.com%2Fsend%3Fphone%3D5511960844416%26text%3DOl%25C3%25A1!!!%2520Gostaria%2520de%2520saber%2520mais%2520sobre%2520a%2520consulta!&#8221;][\/vc_column][\/vc_row][vc_row cspt-bg-color=&#8221;secondarycolor&#8221; cspt-bg-image-color-order=&#8221;image-over-color&#8221; full_width=&#8221;stretch_row&#8221; css=&#8221;.vc_custom_1677518460697{border-top-width: 20px !important;border-bottom-width: 20px !important;padding-top: 40px !important;padding-bottom: 40px !important;background-image: url(https:\/\/nutrical-demo.creativesplanet.com\/diet\/wp-content\/uploads\/sites\/3\/2019\/06\/bg-01.jpg?id=13) !important;background-position: center !important;background-repeat: no-repeat !important;background-size: cover !important;}&#8221; el_class=&#8221;cspt-box-2-2-991&#8243;][vc_column width=&#8221;1\/4&#8243;]<div  class=\"creativesplanet-ele creativesplanet-ele-fid creativesplanet-ele-fid-style-1 \"><div class=\"cspt-fld-contents d-flex align-items-center\">\r\n\t<div class=\"cspt-sbox-icon-wrapper\"><i class=\"cspt-nutrical-icon cspt-nutrical-icon-doctor\"><\/i><\/div>\t<div class=\"cspt-fld-wrap\">\r\n\t\t<h4 class=\"cspt-fid-inner\">\r\n\t\t\t\t\t\t<span\r\n\t\t\t\tclass\t\t\t\t  = \"cspt-number-rotate\"\r\n\t\t\t\tdata-appear-animation = \"animateDigits\"\r\n\t\t\t\tdata-from             = \"0\"\r\n\t\t\t\tdata-to               = \"9\"\r\n\t\t\t\tdata-interval         = \"5\"\r\n\t\t\t\tdata-before           = \"\"\r\n\t\t\t\tdata-before-style     = \"\"\r\n\t\t\t\tdata-after            = \"\"\r\n\t\t\t\tdata-after-style      = \"\"\r\n\t\t\t\t>\r\n\t\t\t\t\t9\t\t\t<\/span>\r\n\t\t\t<span class=\"cspt-fid-sub\"><\/span>\r\n\t\t<\/h4>\r\n\t\t\t\t<h3 class=\"cspt-fid-title\"><span>Anos de experi\u00eancia<br><\/span><\/h3>\r\n\t\t\t<\/div>\r\n<\/div><!-- .cspt-fld-contents -->\r\n<\/div>[\/vc_column][vc_column width=&#8221;1\/4&#8243;]<div  class=\"creativesplanet-ele creativesplanet-ele-fid creativesplanet-ele-fid-style-1 \"><div class=\"cspt-fld-contents d-flex align-items-center\">\r\n\t<div class=\"cspt-sbox-icon-wrapper\"><i class=\"vc_li vc_li-food\"><\/i><\/div>\t<div class=\"cspt-fld-wrap\">\r\n\t\t<h4 class=\"cspt-fid-inner\">\r\n\t\t\t\t\t\t<span\r\n\t\t\t\tclass\t\t\t\t  = \"cspt-number-rotate\"\r\n\t\t\t\tdata-appear-animation = \"animateDigits\"\r\n\t\t\t\tdata-from             = \"0\"\r\n\t\t\t\tdata-to               = \"942\"\r\n\t\t\t\tdata-interval         = \"5\"\r\n\t\t\t\tdata-before           = \"\"\r\n\t\t\t\tdata-before-style     = \"\"\r\n\t\t\t\tdata-after            = \"\"\r\n\t\t\t\tdata-after-style      = \"\"\r\n\t\t\t\t>\r\n\t\t\t\t\t942\t\t\t<\/span>\r\n\t\t\t<span class=\"cspt-fid-sub\"><\/span>\r\n\t\t<\/h4>\r\n\t\t\t\t<h3 class=\"cspt-fid-title\"><span>Planos alimentares<br><\/span><\/h3>\r\n\t\t\t<\/div>\r\n<\/div><!-- .cspt-fld-contents -->\r\n<\/div>[\/vc_column][vc_column width=&#8221;1\/4&#8243;]<div  class=\"creativesplanet-ele creativesplanet-ele-fid creativesplanet-ele-fid-style-1 \"><div class=\"cspt-fld-contents d-flex align-items-center\">\r\n\t<div class=\"cspt-sbox-icon-wrapper\"><i class=\"vc_li vc_li-study\"><\/i><\/div>\t<div class=\"cspt-fld-wrap\">\r\n\t\t<h4 class=\"cspt-fid-inner\">\r\n\t\t\t\t\t\t<span\r\n\t\t\t\tclass\t\t\t\t  = \"cspt-number-rotate\"\r\n\t\t\t\tdata-appear-animation = \"animateDigits\"\r\n\t\t\t\tdata-from             = \"0\"\r\n\t\t\t\tdata-to               = \"150\"\r\n\t\t\t\tdata-interval         = \"5\"\r\n\t\t\t\tdata-before           = \"\"\r\n\t\t\t\tdata-before-style     = \"\"\r\n\t\t\t\tdata-after            = \"\"\r\n\t\t\t\tdata-after-style      = \"\"\r\n\t\t\t\t>\r\n\t\t\t\t\t150\t\t\t<\/span>\r\n\t\t\t<span class=\"cspt-fid-sub\"><\/span>\r\n\t\t<\/h4>\r\n\t\t\t\t<h3 class=\"cspt-fid-title\"><span>Congressos e palestras<br><\/span><\/h3>\r\n\t\t\t<\/div>\r\n<\/div><!-- .cspt-fld-contents -->\r\n<\/div>[\/vc_column][vc_column width=&#8221;1\/4&#8243;]<div  class=\"creativesplanet-ele creativesplanet-ele-fid creativesplanet-ele-fid-style-1 \"><div class=\"cspt-fld-contents d-flex align-items-center\">\r\n\t<div class=\"cspt-sbox-icon-wrapper\"><i class=\"cspt-nutrical-icon cspt-nutrical-icon-woman\"><\/i><\/div>\t<div class=\"cspt-fld-wrap\">\r\n\t\t<h4 class=\"cspt-fid-inner\">\r\n\t\t\t\t\t\t<span\r\n\t\t\t\tclass\t\t\t\t  = \"cspt-number-rotate\"\r\n\t\t\t\tdata-appear-animation = \"animateDigits\"\r\n\t\t\t\tdata-from             = \"0\"\r\n\t\t\t\tdata-to               = \"400\"\r\n\t\t\t\tdata-interval         = \"5\"\r\n\t\t\t\tdata-before           = \"\"\r\n\t\t\t\tdata-before-style     = \"\"\r\n\t\t\t\tdata-after            = \"\"\r\n\t\t\t\tdata-after-style      = \"\"\r\n\t\t\t\t>\r\n\t\t\t\t\t400\t\t\t<\/span>\r\n\t\t\t<span class=\"cspt-fid-sub\"><\/span>\r\n\t\t<\/h4>\r\n\t\t\t\t<h3 class=\"cspt-fid-title\"><span>Clientes<br><\/span><\/h3>\r\n\t\t\t<\/div>\r\n<\/div><!-- .cspt-fld-contents -->\r\n<\/div>[\/vc_column][\/vc_row]<\/p>\n<\/section>","protected":false},"excerpt":{"rendered":"<p>[vc_row cspt-bg-color=&#8221;white&#8221; full_width=&#8221;stretch_row&#8221; cspt-responsive-css=&#8221;86102787|colbreak_no|||||||||colbreak_yes|||||||||colbreak_no||||||||||colbreak_no|||||||||&#8221;][vc_column][\/vc_column][\/vc_row][vc_row][vc_column css=&#8221;.vc_custom_1677517937063{padding-top: 40px !important;padding-bottom: 40px !important;}&#8221;][vc_row_inner css=&#8221;.vc_custom_1563799857186{padding-top: 40px !important;}&#8221; el_class=&#8221;cspt-box-2-2-991 cspt-steps-counter&#8221;][vc_column_inner width=&#8221;1\/4&#8243;][\/vc_column_inner][vc_column_inner width=&#8221;1\/4&#8243;][\/vc_column_inner][vc_column_inner width=&#8221;1\/4&#8243;][\/vc_column_inner][vc_column_inner width=&#8221;1\/4&#8243;][\/vc_column_inner][\/vc_row_inner][vc_btn title=&#8221;Vamos come\u00e7ar hoje!&#8221; style=&#8221;classic&#8221; shape=&#8221;round&#8221; color=&#8221;secondarycolor&#8221; align=&#8221;center&#8221; css=&#8221;.vc_custom_1676056932288{margin-top: 60px !important;}&#8221; el_class=&#8221;button-border-hide&#8221; link=&#8221;url:https%3A%2F%2Fapi.whatsapp.com%2Fsend%3Fphone%3D5511960844416%26text%3DOl%25C3%25A1!!!%2520Gostaria%2520de%2520saber%2520mais%2520sobre%2520a%2520consulta!&#8221;][\/vc_column][\/vc_row][vc_row cspt-bg-color=&#8221;secondarycolor&#8221; cspt-bg-image-color-order=&#8221;image-over-color&#8221; full_width=&#8221;stretch_row&#8221; css=&#8221;.vc_custom_1677518460697{border-top-width: 20px !important;border-bottom-width: 20px !important;padding-top: 40px !important;padding-bottom: 40px !important;background-image: url(https:\/\/nutrical-demo.creativesplanet.com\/diet\/wp-content\/uploads\/sites\/3\/2019\/06\/bg-01.jpg?id=13) !important;background-position: center !important;background-repeat: no-repeat !important;background-size: cover !important;}&#8221; el_class=&#8221;cspt-box-2-2-991&#8243;][vc_column width=&#8221;1\/4&#8243;][\/vc_column][vc_column width=&#8221;1\/4&#8243;][\/vc_column][vc_column width=&#8221;1\/4&#8243;][\/vc_column][vc_column width=&#8221;1\/4&#8243;][\/vc_column][\/vc_row]<\/p>\n","protected":false},"author":1,"featured_media":0,"parent":0,"menu_order":8,"comment_status":"closed","ping_status":"closed","template":"","meta":{"footnotes":""},"class_list":["post-10975","page","type-page","status-publish","hentry"],"acf":[],"yoast_head":"<!-- This site is optimized with the Yoast SEO plugin v20.1 - https:\/\/yoast.com\/wordpress\/plugins\/seo\/ -->\n<title>Sobre Johnny Longen - Longen Nutri\u00e7\u00e3o Esportiva<\/title>\n<meta name=\"description\" content=\"Nutricionista formado pelo Centro Universit\u00e1rio S\u00e3o Camilo, p\u00f3s graduado em Nutri\u00e7\u00e3o Esportiva pelo CEFIT. Atendimento online e presencial.\" \/>\n<meta name=\"robots\" content=\"index, follow, max-snippet:-1, max-image-preview:large, max-video-preview:-1\" \/>\n<link rel=\"canonical\" href=\"https:\/\/longennutri.com.br\/?page_id=10975\" \/>\n<meta property=\"og:locale\" content=\"pt_BR\" \/>\n<meta property=\"og:type\" content=\"article\" \/>\n<meta property=\"og:title\" content=\"Sobre Johnny Longen - Longen Nutri\u00e7\u00e3o Esportiva\" \/>\n<meta property=\"og:description\" content=\"Nutricionista formado pelo Centro Universit\u00e1rio S\u00e3o Camilo, p\u00f3s graduado em Nutri\u00e7\u00e3o Esportiva pelo CEFIT. Atendimento online e presencial.\" \/>\n<meta property=\"og:url\" content=\"https:\/\/longennutri.com.br\/?page_id=10975\" \/>\n<meta property=\"og:site_name\" content=\"Longen Nutri\u00e7\u00e3o Esportiva\" \/>\n<meta property=\"article:modified_time\" content=\"2023-04-11T18:12:33+00:00\" \/>\n<meta name=\"twitter:card\" content=\"summary_large_image\" \/>\n<meta name=\"twitter:label1\" content=\"Est. tempo de leitura\" \/>\n\t<meta name=\"twitter:data1\" content=\"2 minutos\" \/>\n<script type=\"application\/ld+json\" class=\"yoast-schema-graph\">{\"@context\":\"https:\/\/schema.org\",\"@graph\":[{\"@type\":\"WebPage\",\"@id\":\"https:\/\/longennutri.com.br\/?page_id=10975\",\"url\":\"https:\/\/longennutri.com.br\/?page_id=10975\",\"name\":\"Sobre Johnny Longen - Longen Nutri\u00e7\u00e3o Esportiva\",\"isPartOf\":{\"@id\":\"https:\/\/longennutri.com.br\/#website\"},\"datePublished\":\"2021-01-01T05:09:42+00:00\",\"dateModified\":\"2023-04-11T18:12:33+00:00\",\"description\":\"Nutricionista formado pelo Centro Universit\u00e1rio S\u00e3o Camilo, p\u00f3s graduado em Nutri\u00e7\u00e3o Esportiva pelo CEFIT. Atendimento online e presencial.\",\"breadcrumb\":{\"@id\":\"https:\/\/longennutri.com.br\/?page_id=10975#breadcrumb\"},\"inLanguage\":\"pt-BR\",\"potentialAction\":[{\"@type\":\"ReadAction\",\"target\":[\"https:\/\/longennutri.com.br\/?page_id=10975\"]}]},{\"@type\":\"BreadcrumbList\",\"@id\":\"https:\/\/longennutri.com.br\/?page_id=10975#breadcrumb\",\"itemListElement\":[{\"@type\":\"ListItem\",\"position\":1,\"name\":\"Home\",\"item\":\"https:\/\/longennutri.com.br\/\"},{\"@type\":\"ListItem\",\"position\":2,\"name\":\"Sobre Johnny Longen\"}]},{\"@type\":\"WebSite\",\"@id\":\"https:\/\/longennutri.com.br\/#website\",\"url\":\"https:\/\/longennutri.com.br\/\",\"name\":\"Longen Nutri\u00e7\u00e3o Esportiva\",\"description\":\"Nutricionista especializado em nutri\u00e7\u00e3o esportiva e para vegetarianos\",\"publisher\":{\"@id\":\"https:\/\/longennutri.com.br\/#organization\"},\"potentialAction\":[{\"@type\":\"SearchAction\",\"target\":{\"@type\":\"EntryPoint\",\"urlTemplate\":\"https:\/\/longennutri.com.br\/?s={search_term_string}\"},\"query-input\":\"required name=search_term_string\"}],\"inLanguage\":\"pt-BR\"},{\"@type\":\"Organization\",\"@id\":\"https:\/\/longennutri.com.br\/#organization\",\"name\":\"Longen Nutri\u00e7\u00e3o Esportiva\",\"url\":\"https:\/\/longennutri.com.br\/\",\"logo\":{\"@type\":\"ImageObject\",\"inLanguage\":\"pt-BR\",\"@id\":\"https:\/\/longennutri.com.br\/#\/schema\/logo\/image\/\",\"url\":\"https:\/\/longennutri.com\/wp-content\/uploads\/2023\/02\/LogoLongenNutri380.png\",\"contentUrl\":\"https:\/\/longennutri.com\/wp-content\/uploads\/2023\/02\/LogoLongenNutri380.png\",\"width\":381,\"height\":87,\"caption\":\"Longen Nutri\u00e7\u00e3o Esportiva\"},\"image\":{\"@id\":\"https:\/\/longennutri.com.br\/#\/schema\/logo\/image\/\"},\"sameAs\":[\"https:\/\/www.instagram.com\/longen.nutri\/\"]}]}<\/script>\n<!-- \/ Yoast SEO plugin. -->","yoast_head_json":{"title":"Sobre Johnny Longen - Longen Nutri\u00e7\u00e3o Esportiva","description":"Nutricionista formado pelo Centro Universit\u00e1rio S\u00e3o Camilo, p\u00f3s graduado em Nutri\u00e7\u00e3o Esportiva pelo CEFIT. Atendimento online e presencial.","robots":{"index":"index","follow":"follow","max-snippet":"max-snippet:-1","max-image-preview":"max-image-preview:large","max-video-preview":"max-video-preview:-1"},"canonical":"https:\/\/longennutri.com.br\/?page_id=10975","og_locale":"pt_BR","og_type":"article","og_title":"Sobre Johnny Longen - Longen Nutri\u00e7\u00e3o Esportiva","og_description":"Nutricionista formado pelo Centro Universit\u00e1rio S\u00e3o Camilo, p\u00f3s graduado em Nutri\u00e7\u00e3o Esportiva pelo CEFIT. Atendimento online e presencial.","og_url":"https:\/\/longennutri.com.br\/?page_id=10975","og_site_name":"Longen Nutri\u00e7\u00e3o Esportiva","article_modified_time":"2023-04-11T18:12:33+00:00","twitter_card":"summary_large_image","twitter_misc":{"Est. tempo de leitura":"2 minutos"},"schema":{"@context":"https:\/\/schema.org","@graph":[{"@type":"WebPage","@id":"https:\/\/longennutri.com.br\/?page_id=10975","url":"https:\/\/longennutri.com.br\/?page_id=10975","name":"Sobre Johnny Longen - Longen Nutri\u00e7\u00e3o Esportiva","isPartOf":{"@id":"https:\/\/longennutri.com.br\/#website"},"datePublished":"2021-01-01T05:09:42+00:00","dateModified":"2023-04-11T18:12:33+00:00","description":"Nutricionista formado pelo Centro Universit\u00e1rio S\u00e3o Camilo, p\u00f3s graduado em Nutri\u00e7\u00e3o Esportiva pelo CEFIT. Atendimento online e presencial.","breadcrumb":{"@id":"https:\/\/longennutri.com.br\/?page_id=10975#breadcrumb"},"inLanguage":"pt-BR","potentialAction":[{"@type":"ReadAction","target":["https:\/\/longennutri.com.br\/?page_id=10975"]}]},{"@type":"BreadcrumbList","@id":"https:\/\/longennutri.com.br\/?page_id=10975#breadcrumb","itemListElement":[{"@type":"ListItem","position":1,"name":"Home","item":"https:\/\/longennutri.com.br\/"},{"@type":"ListItem","position":2,"name":"Sobre Johnny Longen"}]},{"@type":"WebSite","@id":"https:\/\/longennutri.com.br\/#website","url":"https:\/\/longennutri.com.br\/","name":"Longen Nutri\u00e7\u00e3o Esportiva","description":"Nutricionista especializado em nutri\u00e7\u00e3o esportiva e para vegetarianos","publisher":{"@id":"https:\/\/longennutri.com.br\/#organization"},"potentialAction":[{"@type":"SearchAction","target":{"@type":"EntryPoint","urlTemplate":"https:\/\/longennutri.com.br\/?s={search_term_string}"},"query-input":"required name=search_term_string"}],"inLanguage":"pt-BR"},{"@type":"Organization","@id":"https:\/\/longennutri.com.br\/#organization","name":"Longen Nutri\u00e7\u00e3o Esportiva","url":"https:\/\/longennutri.com.br\/","logo":{"@type":"ImageObject","inLanguage":"pt-BR","@id":"https:\/\/longennutri.com.br\/#\/schema\/logo\/image\/","url":"https:\/\/longennutri.com\/wp-content\/uploads\/2023\/02\/LogoLongenNutri380.png","contentUrl":"https:\/\/longennutri.com\/wp-content\/uploads\/2023\/02\/LogoLongenNutri380.png","width":381,"height":87,"caption":"Longen Nutri\u00e7\u00e3o Esportiva"},"image":{"@id":"https:\/\/longennutri.com.br\/#\/schema\/logo\/image\/"},"sameAs":["https:\/\/www.instagram.com\/longen.nutri\/"]}]}},"_links":{"self":[{"href":"https:\/\/longennutri.com.br\/index.php?rest_route=\/wp\/v2\/pages\/10975","targetHints":{"allow":["GET"]}}],"collection":[{"href":"https:\/\/longennutri.com.br\/index.php?rest_route=\/wp\/v2\/pages"}],"about":[{"href":"https:\/\/longennutri.com.br\/index.php?rest_route=\/wp\/v2\/types\/page"}],"author":[{"embeddable":true,"href":"https:\/\/longennutri.com.br\/index.php?rest_route=\/wp\/v2\/users\/1"}],"replies":[{"embeddable":true,"href":"https:\/\/longennutri.com.br\/index.php?rest_route=%2Fwp%2Fv2%2Fcomments&post=10975"}],"version-history":[{"count":15,"href":"https:\/\/longennutri.com.br\/index.php?rest_route=\/wp\/v2\/pages\/10975\/revisions"}],"predecessor-version":[{"id":11182,"href":"https:\/\/longennutri.com.br\/index.php?rest_route=\/wp\/v2\/pages\/10975\/revisions\/11182"}],"wp:attachment":[{"href":"https:\/\/longennutri.com.br\/index.php?rest_route=%2Fwp%2Fv2%2Fmedia&parent=10975"}],"curies":[{"name":"wp","href":"https:\/\/api.w.org\/{rel}","templated":true}]}}