{"id":10420,"date":"2019-06-18T06:58:53","date_gmt":"2019-06-18T06:58:53","guid":{"rendered":"http:\/\/nutrical-demo.creativesplanet.com\/nutrition\/?page_id=10420"},"modified":"2023-02-28T18:58:25","modified_gmt":"2023-02-28T21:58:25","slug":"contact-us","status":"publish","type":"page","link":"https:\/\/longennutri.com.br\/?page_id=10420","title":{"rendered":"Contato"},"content":{"rendered":"<section class=\"wpb-content-wrapper\"><p>[vc_row full_width=&#8221;stretch_row_content_no_spaces&#8221;][vc_column][vc_raw_html css=&#8221;.vc_custom_1676039980786{margin-bottom: -10px !important;}&#8221;]JTNDaWZyYW1lJTIwc3JjJTNEJTIyaHR0cHMlM0ElMkYlMkZ3d3cuZ29vZ2xlLmNvbSUyRm1hcHMlMkZlbWJlZCUzRnBiJTNEJTIxMW0xOCUyMTFtMTIlMjExbTMlMjExZDM2NTYuMDkxNTkyODcwMTA5NyUyMTJkLTQ2LjY0OTQ1MTA4NDY3NjMzNiUyMTNkLTIzLjYwMTA0Nzg2ODk0NTAzJTIxMm0zJTIxMWYwJTIxMmYwJTIxM2YwJTIxM20yJTIxMWkxMDI0JTIxMmk3NjglMjE0ZjEzLjElMjEzbTMlMjExbTIlMjExczB4OTRjZTViZTBjZjFjOGU5ZiUyNTNBMHhhYTNmZDliOTU4MzcyNjhhJTIxMnNMb25nZW4lMjUyME51dHJpJTI1QzMlMjVBNyUyNUMzJTI1QTNvJTI1MjBFc3BvcnRpdmElMjE1ZTAlMjEzbTIlMjExc3B0LUJSJTIxMnNiciUyMTR2MTY3NjAzOTE0OTMzMSUyMTVtMiUyMTFzcHQtQlIlMjEyc2JyJTIyJTIwd2lkdGglM0QlMjIxMDAlMjUlMjIlMjBoZWlnaHQlM0QlMjI2MzglMjIlMjBzdHlsZSUzRCUyMmJvcmRlciUzQTAlM0IlMjIlMjBhbGxvd2Z1bGxzY3JlZW4lM0QlMjJ5ZXMlMjIlMjBsb2FkaW5nJTNEJTIybGF6eSUyMiUyMHJlZmVycmVycG9saWN5JTNEJTIybm8tcmVmZXJyZXItd2hlbi1kb3duZ3JhZGUlMjIlM0UlM0MlMkZpZnJhbWUlM0U=[\/vc_raw_html][\/vc_column][\/vc_row][vc_row equal_height=&#8221;yes&#8221; disable_element=&#8221;yes&#8221; cspt-responsive-css=&#8221;13861013|colbreak_no|||||||||colbreak_yes|||||||||colbreak_no||||||||||colbreak_no|||||||||&#8221;][vc_column width=&#8221;7\/12&#8243; css=&#8221;.vc_custom_1563854944093{padding-top: 90px !important;padding-right: 60px !important;}&#8221; cspt-responsive-css=&#8221;67598072|colbreak_no|||||||||colbreak_no|||||||||colbreak_no||||||15||||colbreak_no|||||||||&#8221;][\/vc_column][vc_column cspt-bg-color=&#8221;light&#8221; width=&#8221;5\/12&#8243; css=&#8221;.vc_custom_1567053608691{padding-top: 70px !important;padding-right: 60px !important;padding-bottom: 50px !important;padding-left: 60px !important;}&#8221; cspt-responsive-css=&#8221;49106105|colbreak_no|||||||||colbreak_no|||||||||colbreak_no||||||15||15||colbreak_no|||||||||&#8221;][vc_column_text]<ul class=\"cspt-social-links\"><li class=\"cspt-social-li cspt-social-instagram \"><a  href=\"https:\/\/www.instagram.com\/longen.nutri\/\" target=\"_blank\"><span><i class=\"cspt-base-icon-instagram\"><\/i><\/span><\/a><\/li><\/ul>[\/vc_column_text][\/vc_column][\/vc_row][vc_row cspt-bg-color=&#8221;light&#8221; cspt-zindex=&#8221;2&#8243; full_width=&#8221;stretch_row&#8221; css=&#8221;.vc_custom_1567054765663{padding-top: 0px !important;}&#8221; el_class=&#8221;cspt-overflow-visible&#8221;][vc_column][vc_row_inner cspt-bg-color=&#8221;white&#8221; equal_height=&#8221;yes&#8221; css=&#8221;.vc_custom_1567233615073{margin-top: -220px !important;}&#8221; cspt-responsive-css=&#8221;12599019|colbreak_no|||||||||colbreak_yes|||||||||colbreak_no||||||||||colbreak_no|||||||||&#8221;][vc_column_inner width=&#8221;5\/6&#8243; css=&#8221;.vc_custom_1567234472423{padding-top: 108px !important;padding-right: 100px !important;padding-bottom: 102px !important;padding-left: 94px !important;}&#8221; cspt-responsive-css=&#8221;44409022|colbreak_no|||||||||colbreak_no|||||||||colbreak_no|||||60|60|60|60||colbreak_no|||||||||&#8221;][vc_btn title=&#8221;Clique aqui para falar comigo agora!&#8221; size=&#8221;lg&#8221; align=&#8221;left&#8221; link=&#8221;url:https%3A%2F%2Fapi.whatsapp.com%2Fsend%3Fphone%3D5511960844416%26text%3DOl%25C3%25A1!!!%2520Gostaria%2520de%2520saber%2520mais%2520sobre%2520a%2520consulta!|target:_blank&#8221;][\/vc_column_inner][\/vc_row_inner][vc_row_inner css=&#8221;.vc_custom_1567234207615{margin-top: 50px !important;}&#8221; cspt-responsive-css=&#8221;43945692|colbreak_no|||||||||colbreak_yes|||||||||colbreak_no||||||||||colbreak_no|||||||||&#8221;][vc_column_inner width=&#8221;1\/3&#8243;][\/vc_column_inner][vc_column_inner width=&#8221;1\/3&#8243;][\/vc_column_inner][vc_column_inner width=&#8221;1\/3&#8243;][\/vc_column_inner][\/vc_row_inner][\/vc_column][\/vc_row]<\/p>\n<\/section>","protected":false},"excerpt":{"rendered":"<p>[vc_row full_width=&#8221;stretch_row_content_no_spaces&#8221;][vc_column][vc_raw_html css=&#8221;.vc_custom_1676039980786{margin-bottom: -10px !important;}&#8221;]JTNDaWZyYW1lJTIwc3JjJTNEJTIyaHR0cHMlM0ElMkYlMkZ3d3cuZ29vZ2xlLmNvbSUyRm1hcHMlMkZlbWJlZCUzRnBiJTNEJTIxMW0xOCUyMTFtMTIlMjExbTMlMjExZDM2NTYuMDkxNTkyODcwMTA5NyUyMTJkLTQ2LjY0OTQ1MTA4NDY3NjMzNiUyMTNkLTIzLjYwMTA0Nzg2ODk0NTAzJTIxMm0zJTIxMWYwJTIxMmYwJTIxM2YwJTIxM20yJTIxMWkxMDI0JTIxMmk3NjglMjE0ZjEzLjElMjEzbTMlMjExbTIlMjExczB4OTRjZTViZTBjZjFjOGU5ZiUyNTNBMHhhYTNmZDliOTU4MzcyNjhhJTIxMnNMb25nZW4lMjUyME51dHJpJTI1QzMlMjVBNyUyNUMzJTI1QTNvJTI1MjBFc3BvcnRpdmElMjE1ZTAlMjEzbTIlMjExc3B0LUJSJTIxMnNiciUyMTR2MTY3NjAzOTE0OTMzMSUyMTVtMiUyMTFzcHQtQlIlMjEyc2JyJTIyJTIwd2lkdGglM0QlMjIxMDAlMjUlMjIlMjBoZWlnaHQlM0QlMjI2MzglMjIlMjBzdHlsZSUzRCUyMmJvcmRlciUzQTAlM0IlMjIlMjBhbGxvd2Z1bGxzY3JlZW4lM0QlMjJ5ZXMlMjIlMjBsb2FkaW5nJTNEJTIybGF6eSUyMiUyMHJlZmVycmVycG9saWN5JTNEJTIybm8tcmVmZXJyZXItd2hlbi1kb3duZ3JhZGUlMjIlM0UlM0MlMkZpZnJhbWUlM0U=[\/vc_raw_html][\/vc_column][\/vc_row][vc_row equal_height=&#8221;yes&#8221; disable_element=&#8221;yes&#8221; cspt-responsive-css=&#8221;13861013|colbreak_no|||||||||colbreak_yes|||||||||colbreak_no||||||||||colbreak_no|||||||||&#8221;][vc_column width=&#8221;7\/12&#8243; css=&#8221;.vc_custom_1563854944093{padding-top: 90px !important;padding-right: 60px !important;}&#8221; cspt-responsive-css=&#8221;67598072|colbreak_no|||||||||colbreak_no|||||||||colbreak_no||||||15||||colbreak_no|||||||||&#8221;][\/vc_column][vc_column cspt-bg-color=&#8221;light&#8221; width=&#8221;5\/12&#8243; css=&#8221;.vc_custom_1567053608691{padding-top: 70px !important;padding-right: 60px !important;padding-bottom: 50px !important;padding-left: 60px !important;}&#8221; cspt-responsive-css=&#8221;49106105|colbreak_no|||||||||colbreak_no|||||||||colbreak_no||||||15||15||colbreak_no|||||||||&#8221;][vc_column_text][\/vc_column_text][\/vc_column][\/vc_row][vc_row cspt-bg-color=&#8221;light&#8221; cspt-zindex=&#8221;2&#8243; full_width=&#8221;stretch_row&#8221; css=&#8221;.vc_custom_1567054765663{padding-top: 0px !important;}&#8221; el_class=&#8221;cspt-overflow-visible&#8221;][vc_column][vc_row_inner cspt-bg-color=&#8221;white&#8221; equal_height=&#8221;yes&#8221; css=&#8221;.vc_custom_1567233615073{margin-top: -220px !important;}&#8221; cspt-responsive-css=&#8221;12599019|colbreak_no|||||||||colbreak_yes|||||||||colbreak_no||||||||||colbreak_no|||||||||&#8221;][vc_column_inner width=&#8221;5\/6&#8243; css=&#8221;.vc_custom_1567234472423{padding-top: 108px !important;padding-right: 100px !important;padding-bottom: 102px !important;padding-left: 94px !important;}&#8221; cspt-responsive-css=&#8221;44409022|colbreak_no|||||||||colbreak_no|||||||||colbreak_no|||||60|60|60|60||colbreak_no|||||||||&#8221;][vc_btn title=&#8221;Clique aqui para falar [&hellip;]<\/p>\n","protected":false},"author":1,"featured_media":0,"parent":0,"menu_order":16,"comment_status":"closed","ping_status":"closed","template":"","meta":{"footnotes":""},"class_list":["post-10420","page","type-page","status-publish","hentry"],"acf":[],"yoast_head":"<!-- This site is optimized with the Yoast SEO plugin v20.1 - https:\/\/yoast.com\/wordpress\/plugins\/seo\/ -->\n<title>Contato - Longen Nutri\u00e7\u00e3o Esportiva<\/title>\n<meta name=\"robots\" content=\"index, follow, max-snippet:-1, max-image-preview:large, max-video-preview:-1\" \/>\n<link rel=\"canonical\" href=\"https:\/\/longennutri.com.br\/?page_id=10420\" \/>\n<meta property=\"og:locale\" content=\"pt_BR\" \/>\n<meta property=\"og:type\" content=\"article\" \/>\n<meta property=\"og:title\" content=\"Contato - Longen Nutri\u00e7\u00e3o Esportiva\" \/>\n<meta property=\"og:description\" content=\"[vc_row full_width=&#8221;stretch_row_content_no_spaces&#8221;][vc_column][vc_raw_html css=&#8221;.vc_custom_1676039980786{margin-bottom: -10px !important;}&#8221;]JTNDaWZyYW1lJTIwc3JjJTNEJTIyaHR0cHMlM0ElMkYlMkZ3d3cuZ29vZ2xlLmNvbSUyRm1hcHMlMkZlbWJlZCUzRnBiJTNEJTIxMW0xOCUyMTFtMTIlMjExbTMlMjExZDM2NTYuMDkxNTkyODcwMTA5NyUyMTJkLTQ2LjY0OTQ1MTA4NDY3NjMzNiUyMTNkLTIzLjYwMTA0Nzg2ODk0NTAzJTIxMm0zJTIxMWYwJTIxMmYwJTIxM2YwJTIxM20yJTIxMWkxMDI0JTIxMmk3NjglMjE0ZjEzLjElMjEzbTMlMjExbTIlMjExczB4OTRjZTViZTBjZjFjOGU5ZiUyNTNBMHhhYTNmZDliOTU4MzcyNjhhJTIxMnNMb25nZW4lMjUyME51dHJpJTI1QzMlMjVBNyUyNUMzJTI1QTNvJTI1MjBFc3BvcnRpdmElMjE1ZTAlMjEzbTIlMjExc3B0LUJSJTIxMnNiciUyMTR2MTY3NjAzOTE0OTMzMSUyMTVtMiUyMTFzcHQtQlIlMjEyc2JyJTIyJTIwd2lkdGglM0QlMjIxMDAlMjUlMjIlMjBoZWlnaHQlM0QlMjI2MzglMjIlMjBzdHlsZSUzRCUyMmJvcmRlciUzQTAlM0IlMjIlMjBhbGxvd2Z1bGxzY3JlZW4lM0QlMjJ5ZXMlMjIlMjBsb2FkaW5nJTNEJTIybGF6eSUyMiUyMHJlZmVycmVycG9saWN5JTNEJTIybm8tcmVmZXJyZXItd2hlbi1kb3duZ3JhZGUlMjIlM0UlM0MlMkZpZnJhbWUlM0U=[\/vc_raw_html][\/vc_column][\/vc_row][vc_row equal_height=&#8221;yes&#8221; disable_element=&#8221;yes&#8221; cspt-responsive-css=&#8221;13861013|colbreak_no|||||||||colbreak_yes|||||||||colbreak_no||||||||||colbreak_no|||||||||&#8221;][vc_column width=&#8221;7\/12&#8243; css=&#8221;.vc_custom_1563854944093{padding-top: 90px !important;padding-right: 60px !important;}&#8221; cspt-responsive-css=&#8221;67598072|colbreak_no|||||||||colbreak_no|||||||||colbreak_no||||||15||||colbreak_no|||||||||&#8221;][\/vc_column][vc_column cspt-bg-color=&#8221;light&#8221; width=&#8221;5\/12&#8243; css=&#8221;.vc_custom_1567053608691{padding-top: 70px !important;padding-right: 60px !important;padding-bottom: 50px !important;padding-left: 60px !important;}&#8221; cspt-responsive-css=&#8221;49106105|colbreak_no|||||||||colbreak_no|||||||||colbreak_no||||||15||15||colbreak_no|||||||||&#8221;][vc_column_text][\/vc_column_text][\/vc_column][\/vc_row][vc_row cspt-bg-color=&#8221;light&#8221; cspt-zindex=&#8221;2&#8243; full_width=&#8221;stretch_row&#8221; css=&#8221;.vc_custom_1567054765663{padding-top: 0px !important;}&#8221; el_class=&#8221;cspt-overflow-visible&#8221;][vc_column][vc_row_inner cspt-bg-color=&#8221;white&#8221; equal_height=&#8221;yes&#8221; css=&#8221;.vc_custom_1567233615073{margin-top: -220px !important;}&#8221; cspt-responsive-css=&#8221;12599019|colbreak_no|||||||||colbreak_yes|||||||||colbreak_no||||||||||colbreak_no|||||||||&#8221;][vc_column_inner width=&#8221;5\/6&#8243; css=&#8221;.vc_custom_1567234472423{padding-top: 108px !important;padding-right: 100px !important;padding-bottom: 102px !important;padding-left: 94px !important;}&#8221; cspt-responsive-css=&#8221;44409022|colbreak_no|||||||||colbreak_no|||||||||colbreak_no|||||60|60|60|60||colbreak_no|||||||||&#8221;][vc_btn title=&#8221;Clique aqui para falar [&hellip;]\" \/>\n<meta property=\"og:url\" content=\"https:\/\/longennutri.com.br\/?page_id=10420\" \/>\n<meta property=\"og:site_name\" content=\"Longen Nutri\u00e7\u00e3o Esportiva\" \/>\n<meta property=\"article:modified_time\" content=\"2023-02-28T21:58:25+00:00\" \/>\n<meta name=\"twitter:card\" content=\"summary_large_image\" \/>\n<meta name=\"twitter:label1\" content=\"Est. tempo de leitura\" \/>\n\t<meta name=\"twitter:data1\" content=\"1 minuto\" \/>\n<script type=\"application\/ld+json\" class=\"yoast-schema-graph\">{\"@context\":\"https:\/\/schema.org\",\"@graph\":[{\"@type\":\"WebPage\",\"@id\":\"https:\/\/longennutri.com.br\/?page_id=10420\",\"url\":\"https:\/\/longennutri.com.br\/?page_id=10420\",\"name\":\"Contato - Longen Nutri\u00e7\u00e3o Esportiva\",\"isPartOf\":{\"@id\":\"https:\/\/longennutri.com.br\/#website\"},\"datePublished\":\"2019-06-18T06:58:53+00:00\",\"dateModified\":\"2023-02-28T21:58:25+00:00\",\"breadcrumb\":{\"@id\":\"https:\/\/longennutri.com.br\/?page_id=10420#breadcrumb\"},\"inLanguage\":\"pt-BR\",\"potentialAction\":[{\"@type\":\"ReadAction\",\"target\":[\"https:\/\/longennutri.com.br\/?page_id=10420\"]}]},{\"@type\":\"BreadcrumbList\",\"@id\":\"https:\/\/longennutri.com.br\/?page_id=10420#breadcrumb\",\"itemListElement\":[{\"@type\":\"ListItem\",\"position\":1,\"name\":\"Home\",\"item\":\"https:\/\/longennutri.com.br\/\"},{\"@type\":\"ListItem\",\"position\":2,\"name\":\"Contato\"}]},{\"@type\":\"WebSite\",\"@id\":\"https:\/\/longennutri.com.br\/#website\",\"url\":\"https:\/\/longennutri.com.br\/\",\"name\":\"Longen Nutri\u00e7\u00e3o Esportiva\",\"description\":\"Nutricionista especializado em nutri\u00e7\u00e3o esportiva e para vegetarianos\",\"publisher\":{\"@id\":\"https:\/\/longennutri.com.br\/#organization\"},\"potentialAction\":[{\"@type\":\"SearchAction\",\"target\":{\"@type\":\"EntryPoint\",\"urlTemplate\":\"https:\/\/longennutri.com.br\/?s={search_term_string}\"},\"query-input\":\"required name=search_term_string\"}],\"inLanguage\":\"pt-BR\"},{\"@type\":\"Organization\",\"@id\":\"https:\/\/longennutri.com.br\/#organization\",\"name\":\"Longen Nutri\u00e7\u00e3o Esportiva\",\"url\":\"https:\/\/longennutri.com.br\/\",\"logo\":{\"@type\":\"ImageObject\",\"inLanguage\":\"pt-BR\",\"@id\":\"https:\/\/longennutri.com.br\/#\/schema\/logo\/image\/\",\"url\":\"https:\/\/longennutri.com\/wp-content\/uploads\/2023\/02\/LogoLongenNutri380.png\",\"contentUrl\":\"https:\/\/longennutri.com\/wp-content\/uploads\/2023\/02\/LogoLongenNutri380.png\",\"width\":381,\"height\":87,\"caption\":\"Longen Nutri\u00e7\u00e3o Esportiva\"},\"image\":{\"@id\":\"https:\/\/longennutri.com.br\/#\/schema\/logo\/image\/\"},\"sameAs\":[\"https:\/\/www.instagram.com\/longen.nutri\/\"]}]}<\/script>\n<!-- \/ Yoast SEO plugin. -->","yoast_head_json":{"title":"Contato - Longen Nutri\u00e7\u00e3o Esportiva","robots":{"index":"index","follow":"follow","max-snippet":"max-snippet:-1","max-image-preview":"max-image-preview:large","max-video-preview":"max-video-preview:-1"},"canonical":"https:\/\/longennutri.com.br\/?page_id=10420","og_locale":"pt_BR","og_type":"article","og_title":"Contato - Longen Nutri\u00e7\u00e3o Esportiva","og_description":"[vc_row full_width=&#8221;stretch_row_content_no_spaces&#8221;][vc_column][vc_raw_html css=&#8221;.vc_custom_1676039980786{margin-bottom: -10px !important;}&#8221;]JTNDaWZyYW1lJTIwc3JjJTNEJTIyaHR0cHMlM0ElMkYlMkZ3d3cuZ29vZ2xlLmNvbSUyRm1hcHMlMkZlbWJlZCUzRnBiJTNEJTIxMW0xOCUyMTFtMTIlMjExbTMlMjExZDM2NTYuMDkxNTkyODcwMTA5NyUyMTJkLTQ2LjY0OTQ1MTA4NDY3NjMzNiUyMTNkLTIzLjYwMTA0Nzg2ODk0NTAzJTIxMm0zJTIxMWYwJTIxMmYwJTIxM2YwJTIxM20yJTIxMWkxMDI0JTIxMmk3NjglMjE0ZjEzLjElMjEzbTMlMjExbTIlMjExczB4OTRjZTViZTBjZjFjOGU5ZiUyNTNBMHhhYTNmZDliOTU4MzcyNjhhJTIxMnNMb25nZW4lMjUyME51dHJpJTI1QzMlMjVBNyUyNUMzJTI1QTNvJTI1MjBFc3BvcnRpdmElMjE1ZTAlMjEzbTIlMjExc3B0LUJSJTIxMnNiciUyMTR2MTY3NjAzOTE0OTMzMSUyMTVtMiUyMTFzcHQtQlIlMjEyc2JyJTIyJTIwd2lkdGglM0QlMjIxMDAlMjUlMjIlMjBoZWlnaHQlM0QlMjI2MzglMjIlMjBzdHlsZSUzRCUyMmJvcmRlciUzQTAlM0IlMjIlMjBhbGxvd2Z1bGxzY3JlZW4lM0QlMjJ5ZXMlMjIlMjBsb2FkaW5nJTNEJTIybGF6eSUyMiUyMHJlZmVycmVycG9saWN5JTNEJTIybm8tcmVmZXJyZXItd2hlbi1kb3duZ3JhZGUlMjIlM0UlM0MlMkZpZnJhbWUlM0U=[\/vc_raw_html][\/vc_column][\/vc_row][vc_row equal_height=&#8221;yes&#8221; disable_element=&#8221;yes&#8221; cspt-responsive-css=&#8221;13861013|colbreak_no|||||||||colbreak_yes|||||||||colbreak_no||||||||||colbreak_no|||||||||&#8221;][vc_column width=&#8221;7\/12&#8243; css=&#8221;.vc_custom_1563854944093{padding-top: 90px !important;padding-right: 60px !important;}&#8221; cspt-responsive-css=&#8221;67598072|colbreak_no|||||||||colbreak_no|||||||||colbreak_no||||||15||||colbreak_no|||||||||&#8221;][\/vc_column][vc_column cspt-bg-color=&#8221;light&#8221; width=&#8221;5\/12&#8243; css=&#8221;.vc_custom_1567053608691{padding-top: 70px !important;padding-right: 60px !important;padding-bottom: 50px !important;padding-left: 60px !important;}&#8221; cspt-responsive-css=&#8221;49106105|colbreak_no|||||||||colbreak_no|||||||||colbreak_no||||||15||15||colbreak_no|||||||||&#8221;][vc_column_text][\/vc_column_text][\/vc_column][\/vc_row][vc_row cspt-bg-color=&#8221;light&#8221; cspt-zindex=&#8221;2&#8243; full_width=&#8221;stretch_row&#8221; css=&#8221;.vc_custom_1567054765663{padding-top: 0px !important;}&#8221; el_class=&#8221;cspt-overflow-visible&#8221;][vc_column][vc_row_inner cspt-bg-color=&#8221;white&#8221; equal_height=&#8221;yes&#8221; css=&#8221;.vc_custom_1567233615073{margin-top: -220px !important;}&#8221; cspt-responsive-css=&#8221;12599019|colbreak_no|||||||||colbreak_yes|||||||||colbreak_no||||||||||colbreak_no|||||||||&#8221;][vc_column_inner width=&#8221;5\/6&#8243; css=&#8221;.vc_custom_1567234472423{padding-top: 108px !important;padding-right: 100px !important;padding-bottom: 102px !important;padding-left: 94px !important;}&#8221; cspt-responsive-css=&#8221;44409022|colbreak_no|||||||||colbreak_no|||||||||colbreak_no|||||60|60|60|60||colbreak_no|||||||||&#8221;][vc_btn title=&#8221;Clique aqui para falar [&hellip;]","og_url":"https:\/\/longennutri.com.br\/?page_id=10420","og_site_name":"Longen Nutri\u00e7\u00e3o Esportiva","article_modified_time":"2023-02-28T21:58:25+00:00","twitter_card":"summary_large_image","twitter_misc":{"Est. tempo de leitura":"1 minuto"},"schema":{"@context":"https:\/\/schema.org","@graph":[{"@type":"WebPage","@id":"https:\/\/longennutri.com.br\/?page_id=10420","url":"https:\/\/longennutri.com.br\/?page_id=10420","name":"Contato - Longen Nutri\u00e7\u00e3o Esportiva","isPartOf":{"@id":"https:\/\/longennutri.com.br\/#website"},"datePublished":"2019-06-18T06:58:53+00:00","dateModified":"2023-02-28T21:58:25+00:00","breadcrumb":{"@id":"https:\/\/longennutri.com.br\/?page_id=10420#breadcrumb"},"inLanguage":"pt-BR","potentialAction":[{"@type":"ReadAction","target":["https:\/\/longennutri.com.br\/?page_id=10420"]}]},{"@type":"BreadcrumbList","@id":"https:\/\/longennutri.com.br\/?page_id=10420#breadcrumb","itemListElement":[{"@type":"ListItem","position":1,"name":"Home","item":"https:\/\/longennutri.com.br\/"},{"@type":"ListItem","position":2,"name":"Contato"}]},{"@type":"WebSite","@id":"https:\/\/longennutri.com.br\/#website","url":"https:\/\/longennutri.com.br\/","name":"Longen Nutri\u00e7\u00e3o Esportiva","description":"Nutricionista especializado em nutri\u00e7\u00e3o esportiva e para vegetarianos","publisher":{"@id":"https:\/\/longennutri.com.br\/#organization"},"potentialAction":[{"@type":"SearchAction","target":{"@type":"EntryPoint","urlTemplate":"https:\/\/longennutri.com.br\/?s={search_term_string}"},"query-input":"required name=search_term_string"}],"inLanguage":"pt-BR"},{"@type":"Organization","@id":"https:\/\/longennutri.com.br\/#organization","name":"Longen Nutri\u00e7\u00e3o Esportiva","url":"https:\/\/longennutri.com.br\/","logo":{"@type":"ImageObject","inLanguage":"pt-BR","@id":"https:\/\/longennutri.com.br\/#\/schema\/logo\/image\/","url":"https:\/\/longennutri.com\/wp-content\/uploads\/2023\/02\/LogoLongenNutri380.png","contentUrl":"https:\/\/longennutri.com\/wp-content\/uploads\/2023\/02\/LogoLongenNutri380.png","width":381,"height":87,"caption":"Longen Nutri\u00e7\u00e3o Esportiva"},"image":{"@id":"https:\/\/longennutri.com.br\/#\/schema\/logo\/image\/"},"sameAs":["https:\/\/www.instagram.com\/longen.nutri\/"]}]}},"_links":{"self":[{"href":"https:\/\/longennutri.com.br\/index.php?rest_route=\/wp\/v2\/pages\/10420","targetHints":{"allow":["GET"]}}],"collection":[{"href":"https:\/\/longennutri.com.br\/index.php?rest_route=\/wp\/v2\/pages"}],"about":[{"href":"https:\/\/longennutri.com.br\/index.php?rest_route=\/wp\/v2\/types\/page"}],"author":[{"embeddable":true,"href":"https:\/\/longennutri.com.br\/index.php?rest_route=\/wp\/v2\/users\/1"}],"replies":[{"embeddable":true,"href":"https:\/\/longennutri.com.br\/index.php?rest_route=%2Fwp%2Fv2%2Fcomments&post=10420"}],"version-history":[{"count":11,"href":"https:\/\/longennutri.com.br\/index.php?rest_route=\/wp\/v2\/pages\/10420\/revisions"}],"predecessor-version":[{"id":11065,"href":"https:\/\/longennutri.com.br\/index.php?rest_route=\/wp\/v2\/pages\/10420\/revisions\/11065"}],"wp:attachment":[{"href":"https:\/\/longennutri.com.br\/index.php?rest_route=%2Fwp%2Fv2%2Fmedia&parent=10420"}],"curies":[{"name":"wp","href":"https:\/\/api.w.org\/{rel}","templated":true}]}}